{"id":1908,"date":"2024-02-19T16:58:53","date_gmt":"2024-02-19T19:58:53","guid":{"rendered":"https:\/\/ximenavelasco.com\/ES\/bio-copy\/"},"modified":"2024-02-28T19:17:13","modified_gmt":"2024-02-28T22:17:13","slug":"bio-es","status":"publish","type":"page","link":"https:\/\/ximenavelasco.com\/ES\/bio-es\/","title":{"rendered":"Bio"},"content":{"rendered":"\t\t<div data-elementor-type=\"wp-page\" data-elementor-id=\"1908\" class=\"elementor elementor-1908\" data-elementor-settings=\"{&quot;ha_cmc_init_switcher&quot;:&quot;no&quot;}\">\n\t\t\t\t<div class=\"elementor-element elementor-element-1bae2bb e-flex e-con-boxed e-con e-parent\" data-id=\"1bae2bb\" data-element_type=\"container\" data-e-type=\"container\" data-settings=\"{&quot;_ha_eqh_enable&quot;:false}\">\n\t\t\t\t\t<div class=\"e-con-inner\">\n\t\t<div class=\"elementor-element elementor-element-02c0531 e-flex e-con-boxed e-con e-child\" data-id=\"02c0531\" data-element_type=\"container\" data-e-type=\"container\" data-settings=\"{&quot;_ha_eqh_enable&quot;:false}\">\n\t\t\t\t\t<div class=\"e-con-inner\">\n\t\t\t\t<div class=\"elementor-element elementor-element-7e89505 elementor-widget__width-initial elementor-widget elementor-widget-heading\" data-id=\"7e89505\" data-element_type=\"widget\" data-e-type=\"widget\" data-widget_type=\"heading.default\">\n\t\t\t\t<div class=\"elementor-widget-container\">\n\t\t\t\t\t<h2 class=\"elementor-heading-title elementor-size-default\">BIO<\/h2>\t\t\t\t<\/div>\n\t\t\t\t<\/div>\n\t\t\t\t\t<\/div>\n\t\t\t\t<\/div>\n\t\t\t\t\t<\/div>\n\t\t\t\t<\/div>\n\t\t<div class=\"elementor-element elementor-element-36ac645 e-flex e-con-boxed e-con e-parent\" data-id=\"36ac645\" data-element_type=\"container\" data-e-type=\"container\" data-settings=\"{&quot;_ha_eqh_enable&quot;:false}\">\n\t\t\t\t\t<div class=\"e-con-inner\">\n\t\t<div class=\"elementor-element elementor-element-a4d6e4f e-con-full e-flex e-con e-child\" data-id=\"a4d6e4f\" data-element_type=\"container\" data-e-type=\"container\" data-settings=\"{&quot;_ha_eqh_enable&quot;:false}\">\n\t\t\t\t<div class=\"elementor-element elementor-element-7d15333 elementor-widget elementor-widget-text-editor\" data-id=\"7d15333\" data-element_type=\"widget\" data-e-type=\"widget\" data-widget_type=\"text-editor.default\">\n\t\t\t\t<div class=\"elementor-widget-container\">\n\t\t\t\t\t\t\t\t\t<p><strong>XIMENA VELASCO (1967) \u2013 Santiago, Chile.<\/strong><\/p><p>Escuela de Arte Pontificia Universidad Cat\u00f3lica, <br \/>Licenciatura en arte con menci\u00f3n en pintura, 1988-1993.<br \/>Escuela de Arquitectura Universidad de Chile, 1987.<br \/>Sarah Lawrence College, Bronxville, NY, 1985-1986.<\/p><p><strong><br \/>EXPOSICIONES INDIVIDUALES RECIENTES<\/strong><\/p><p>Impulso Natural, Galer\u00eda Sextante, Bogot\u00e1, Colombia, (2024). <br \/>Bot\u00e1nica Fractal, Espacio Alonso, Santiago, (2022) y Centro de Arte Molino Machmar, Puerto Varas, Chile, (2023). <br \/>Deshielo, Sala Gasco Arte Contempor\u00e1neo, Santiago, Chile, (2021). <br \/>La Naturaleza de Las Cosas, Galeria La Sala, Santiago, Chile, (2019). <br \/>Morfolog\u00edas, Espacio O, Santiago, Chile, (2018). <br \/>M\u00e9dula, Galer\u00eda XS, Santiago, Chile, (2015). <br \/>Mutaciones, Sala Gasco Arte Contempor\u00e1neo, Santiago, Chile, (2013).<br \/>Metamorfosis, Galer\u00eda Isabel Aninat, Santiago, Chile, (2011).<\/p><p><strong><br \/>ALGUNAS EXPOSICIONES COLECTIVAS<\/strong><\/p><p>London Art Biennial, Londres, Reino Unido, (2021); Revelations, Grand Palais, Paris, Francia (2019); Camden Arts Centre, Londres; (2015); Embajada de Chile, Washington D.C. (2005).<\/p><p><strong><br \/>RESIDENCIAS<\/strong><\/p><p>Millay Arts, Austerlitz, NY, (2022); Residencia Territorio, Guachaca, Magdalena, Colombia, (2022); Vermont Studio Residency, Vermont, USA (2018); Slade School of Arts, London, UK (2015); Scuola Internazionale di Grafica, Venezia, Italia, (2013); School of Visual Arts, New York, USA, (2011).<\/p><p><strong><br \/>BECAS<\/strong><\/p><p>Fondart , 1999 y 2011; Beca por m\u00e9rito, Vermont Studio Center, 2018; <br \/>Beca Millay Arts, 2022.<\/p><p>En los \u00faltimos a\u00f1os, he decidido intensificar mi estudio de la cer\u00e1mica de forma paralela a mi trabajo gr\u00e1fico. Soy fundamentalmente pintora, pero he estado experimentando con arcilla, y he profundizado mi inter\u00e9s en formas primordiales relacionadas con la morfolog\u00eda y la naturaleza, y sus coincidencias con el cuerpo humano. Tambi\u00e9n me he enfocado en el proceso de crear formas, l\u00edneas y colores sin ornamentaci\u00f3n. Utilizo la ciencia como punto de partida, y comienzo a trabajar con im\u00e1genes reales encontradas en la naturaleza, como estructuras bot\u00e1nicas. A partir de ah\u00ed, construyo un mundo \u00f3ptico personal. Dado que mi trabajo es premeditado pero tambi\u00e9n intuitivo, el proceso de trabajar en una serie de piezas de cer\u00e1mica ha agregado una dimensi\u00f3n minimalista e interesante al trabajo gr\u00e1fico. Trabajar con arcilla es un trabajo de prueba y error, y sus resultados son inesperados, por lo que conecta la belleza con la imperfecci\u00f3n, vincul\u00e1ndose con los conceptos de Wabi Sabi. El proceso tiene una cualidad meditativa que ha mejorado mi capacidad para trabajar intuitivamente, sin quedarme enredada en interpretaciones literales de ciertas formas. Las piezas parecen flotar en la l\u00ednea sutil entre la figuraci\u00f3n y la abstracci\u00f3n, hablando de formas en bruto que aluden a criaturas marinas y humedales.<\/p>\t\t\t\t\t\t\t\t<\/div>\n\t\t\t\t<\/div>\n\t\t\t\t<\/div>\n\t\t\t\t\t<\/div>\n\t\t\t\t<\/div>\n\t\t\t\t<\/div>\n\t\t","protected":false},"excerpt":{"rendered":"<p>BIO XIMENA VELASCO (1967) \u2013 Santiago, Chile. Escuela de Arte Pontificia Universidad Cat\u00f3lica, Licenciatura en arte con menci\u00f3n en pintura, 1988-1993.Escuela de Arquitectura Universidad de Chile, 1987.Sarah Lawrence College, Bronxville, NY, 1985-1986. EXPOSICIONES INDIVIDUALES RECIENTES Impulso Natural, Galer\u00eda Sextante, Bogot\u00e1, Colombia, (2024). Bot\u00e1nica Fractal, Espacio Alonso, Santiago, (2022) y Centro de Arte Molino Machmar, Puerto [&hellip;]<\/p>\n","protected":false},"author":2,"featured_media":0,"parent":0,"menu_order":0,"comment_status":"closed","ping_status":"closed","template":"","meta":{"nf_dc_page":"","_monsterinsights_skip_tracking":false,"_monsterinsights_sitenote_active":false,"_monsterinsights_sitenote_note":"","_monsterinsights_sitenote_category":0,"footnotes":""},"class_list":["post-1908","page","type-page","status-publish","hentry"],"aioseo_notices":[],"rttpg_featured_image_url":null,"rttpg_author":{"display_name":"Rodrigo Ramirez","author_link":"https:\/\/ximenavelasco.com\/ES\/author\/rodrigo\/"},"rttpg_comment":0,"rttpg_category":null,"rttpg_excerpt":"BIO XIMENA VELASCO (1967) \u2013 Santiago, Chile. Escuela de Arte Pontificia Universidad Cat\u00f3lica, Licenciatura en arte con menci\u00f3n en pintura, 1988-1993.Escuela de Arquitectura Universidad de Chile, 1987.Sarah Lawrence College, Bronxville, NY, 1985-1986. EXPOSICIONES INDIVIDUALES RECIENTES Impulso Natural, Galer\u00eda Sextante, Bogot\u00e1, Colombia, (2024). Bot\u00e1nica Fractal, Espacio Alonso, Santiago, (2022) y Centro de Arte Molino Machmar, Puerto&hellip;","_links":{"self":[{"href":"https:\/\/ximenavelasco.com\/ES\/wp-json\/wp\/v2\/pages\/1908","targetHints":{"allow":["GET"]}}],"collection":[{"href":"https:\/\/ximenavelasco.com\/ES\/wp-json\/wp\/v2\/pages"}],"about":[{"href":"https:\/\/ximenavelasco.com\/ES\/wp-json\/wp\/v2\/types\/page"}],"author":[{"embeddable":true,"href":"https:\/\/ximenavelasco.com\/ES\/wp-json\/wp\/v2\/users\/2"}],"replies":[{"embeddable":true,"href":"https:\/\/ximenavelasco.com\/ES\/wp-json\/wp\/v2\/comments?post=1908"}],"version-history":[{"count":5,"href":"https:\/\/ximenavelasco.com\/ES\/wp-json\/wp\/v2\/pages\/1908\/revisions"}],"predecessor-version":[{"id":2386,"href":"https:\/\/ximenavelasco.com\/ES\/wp-json\/wp\/v2\/pages\/1908\/revisions\/2386"}],"wp:attachment":[{"href":"https:\/\/ximenavelasco.com\/ES\/wp-json\/wp\/v2\/media?parent=1908"}],"curies":[{"name":"wp","href":"https:\/\/api.w.org\/{rel}","templated":true}]}}